{"id":18,"date":"2015-07-27T08:37:42","date_gmt":"2015-07-27T06:37:42","guid":{"rendered":"http:\/\/2015.hotelcappuccino.de\/?page_id=18"},"modified":"2021-01-10T21:46:31","modified_gmt":"2021-01-10T20:46:31","slug":"kontakt","status":"publish","type":"page","link":"https:\/\/hotelcappuccino.de\/en\/kontakt\/","title":{"rendered":"Contact us"},"content":{"rendered":"<div class=\"contLeft\">\n<h2>Inhaber: Sonja Schwarze<\/h2>\n<p>Strasse: Hauptstra\u00dfe 1<br \/>\nPlz und Ort: 31008 Elze<\/p>\n<p>Tel.: 05068 \/ 3325<br \/>\nFax: (05068) 756468<br \/>\nE-Mail: <a href=\"mailto:info@hotelcappuccino.de\">info(at)hotelcappuccino.de<\/a><br \/>\nInternet: <a href=\"http:\/\/www.hotelcappuccino.de\">www.hotelcappuccino.de<\/a><\/p>\n<\/div>\n<p><a href=\"https:\/\/hotelcappuccino.de\/wp-content\/uploads\/2015\/12\/gedeck.jpg\"><img loading=\"lazy\" class=\"aligncenter wp-image-158 size-full\" src=\"\/wp-content\/uploads\/2015\/12\/gedeck.jpg\" alt=\"gedeck\" width=\"290\" height=\"218\" \/><\/a><\/p>\n<div class=\"contLeft\">\n<div>Haben Sie spezielle Fragen oder W\u00fcnsche? Gerne stehen wir Ihnen f\u00fcr ein pers\u00f6nliches Gespr\u00e4ch zur Verf\u00fcgung. Rufen Sie uns an oder nutzen Sie bitte unser Kontaktformular.<\/div>\n<div>\n<hr \/>\n<\/div>\n<div><\/div>\n<div><\/div>\n<\/div>\n","protected":false},"excerpt":{"rendered":"<p>Inhaber: Sonja Schwarze Strasse: Hauptstra\u00dfe 1 Plz und Ort: 31008 Elze Tel.: 05068 \/ 3325 Fax: (05068) 756468 E-Mail: info(at)hotelcappuccino.de Internet: www.hotelcappuccino.de Haben Sie spezielle Fragen oder W\u00fcnsche? Gerne stehen wir Ihnen f\u00fcr ein pers\u00f6nliches Gespr\u00e4ch zur Verf\u00fcgung. Rufen Sie uns an oder nutzen Sie bitte unser Kontaktformular.<\/p>\n","protected":false},"author":1,"featured_media":0,"parent":0,"menu_order":0,"comment_status":"closed","ping_status":"closed","template":"page-templates\/sidebar-left.php","meta":[],"translation":{"provider":"WPGlobus","version":"2.6.0","language":"en","enabled_languages":["de","en"],"languages":{"de":{"title":true,"content":true,"excerpt":false},"en":{"title":true,"content":true,"excerpt":false}}},"_links":{"self":[{"href":"https:\/\/hotelcappuccino.de\/en\/wp-json\/wp\/v2\/pages\/18"}],"collection":[{"href":"https:\/\/hotelcappuccino.de\/en\/wp-json\/wp\/v2\/pages"}],"about":[{"href":"https:\/\/hotelcappuccino.de\/en\/wp-json\/wp\/v2\/types\/page"}],"author":[{"embeddable":true,"href":"https:\/\/hotelcappuccino.de\/en\/wp-json\/wp\/v2\/users\/1"}],"replies":[{"embeddable":true,"href":"https:\/\/hotelcappuccino.de\/en\/wp-json\/wp\/v2\/comments?post=18"}],"version-history":[{"count":22,"href":"https:\/\/hotelcappuccino.de\/en\/wp-json\/wp\/v2\/pages\/18\/revisions"}],"predecessor-version":[{"id":420,"href":"https:\/\/hotelcappuccino.de\/en\/wp-json\/wp\/v2\/pages\/18\/revisions\/420"}],"wp:attachment":[{"href":"https:\/\/hotelcappuccino.de\/en\/wp-json\/wp\/v2\/media?parent=18"}],"curies":[{"name":"wp","href":"https:\/\/api.w.org\/{rel}","templated":true}]}}