{"id":9,"date":"2015-07-27T08:31:54","date_gmt":"2015-07-27T06:31:54","guid":{"rendered":"http:\/\/2015.hotelcappuccino.de\/?page_id=9"},"modified":"2025-07-23T11:34:29","modified_gmt":"2025-07-23T09:34:29","slug":"english-start","status":"publish","type":"page","link":"https:\/\/hotelcappuccino.de\/en\/","title":{"rendered":"Welcome&#8230;"},"content":{"rendered":"\n<div class=\"wp-block-cover has-background-dim has-background-gradient\" style=\"background:linear-gradient(135deg,rgb(255,65,0) 0%,rgb(207,46,46) 100%)\"><div class=\"wp-block-cover__inner-container\">\n<p class=\"has-medium-font-size\"><strong>Das Restaurant ist aufgrund der aktuellen Situation bis auf weiteres geschlossen, der Hotelbetrieb ist t\u00e4glich ge\u00f6ffnet. Gerne beherbergen wir alle G\u00e4ste, denen der Aufenthalt in Hotels nachweislich erlaubt ist. Unser Koch bespricht gerne pers\u00f6nlich mit Ihnen, welche Speisenauswahl zur Verf\u00fcgung steht die dann auf dem Zimmer eingenommen werden kann.<\/strong><\/p>\n<\/div><\/div>\n\n\n\n<div style=\"height:50px\" aria-hidden=\"true\" class=\"wp-block-spacer\"><\/div>\n\n\n\n<h2>&#8230; to the Hotel &amp; Restaurant Cappuccino in Elze near Hildesheim<\/h2>\n\n\n\n<p class=\"has-text-align-left\">Already in the 19th Century, the building was known as the &#8220;first House on the square &#8220;and even today we attempt to live up to this name.<\/p>\n\n\n\n<div style=\"height:50px\" aria-hidden=\"true\" class=\"wp-block-spacer\"><\/div>\n\n\n\n<div class=\"wp-block-image\"><figure class=\"aligncenter size-full\"><a href=\"\/wp-content\/uploads\/2015\/07\/hotelcappuccino-elze.jpg\"><img loading=\"lazy\" width=\"600\" height=\"356\" src=\"https:\/\/hotelcappuccino.de\/wp-content\/uploads\/2015\/07\/hotelcappuccino-elze.jpg\" alt=\"hotelcappuccino-elze\" class=\"wp-image-103\" srcset=\"https:\/\/hotelcappuccino.de\/wp-content\/uploads\/2015\/07\/hotelcappuccino-elze.jpg 600w, https:\/\/hotelcappuccino.de\/wp-content\/uploads\/2015\/07\/hotelcappuccino-elze-300x178.jpg 300w\" sizes=\"(max-width: 600px) 100vw, 600px\" \/><\/a><\/figure><\/div>\n\n\n\n<div style=\"height:50px\" aria-hidden=\"true\" class=\"wp-block-spacer\"><\/div>\n\n\n\n<p class=\"has-text-align-left\">Stay in modernly furnished rooms and enjoy excellent italian food in a homely and familiar atmosphere &#8212; at affordable prices.<\/p>\n\n\n\n<div style=\"height:50px\" aria-hidden=\"true\" class=\"wp-block-spacer\"><\/div>\n\n\n\n<div class=\"wp-block-image\"><figure class=\"aligncenter size-large\"><img loading=\"lazy\" width=\"600\" height=\"800\" src=\"https:\/\/hotelcappuccino.de\/wp-content\/uploads\/2021\/01\/zimmer-7.jpg\" alt=\"\" class=\"wp-image-445\" srcset=\"https:\/\/hotelcappuccino.de\/wp-content\/uploads\/2021\/01\/zimmer-7.jpg 600w, https:\/\/hotelcappuccino.de\/wp-content\/uploads\/2021\/01\/zimmer-7-225x300.jpg 225w\" sizes=\"(max-width: 600px) 100vw, 600px\" \/><\/figure><\/div>\n\n\n\n<div style=\"height:50px\" aria-hidden=\"true\" class=\"wp-block-spacer\"><\/div>\n\n\n\n<p class=\"has-text-align-left\">The comfortable traffic connection makes the hotel so perfect as location for accommodation.<\/p>\n\n\n\n<div style=\"height:50px\" aria-hidden=\"true\" class=\"wp-block-spacer\"><\/div>\n\n\n\n<div class=\"wp-block-image\"><figure class=\"aligncenter size-large\"><img loading=\"lazy\" width=\"600\" height=\"800\" src=\"https:\/\/hotelcappuccino.de\/wp-content\/uploads\/2021\/01\/zimmer-3.jpg\" alt=\"\" class=\"wp-image-441\" srcset=\"https:\/\/hotelcappuccino.de\/wp-content\/uploads\/2021\/01\/zimmer-3.jpg 600w, https:\/\/hotelcappuccino.de\/wp-content\/uploads\/2021\/01\/zimmer-3-225x300.jpg 225w\" sizes=\"(max-width: 600px) 100vw, 600px\" \/><\/figure><\/div>\n\n\n\n<div style=\"height:50px\" aria-hidden=\"true\" class=\"wp-block-spacer\"><\/div>\n\n\n\n<p>Do you have special questions or requests? Please contact us for a personal interview.<\/p>\n\n\n\n<div style=\"height:50px\" aria-hidden=\"true\" class=\"wp-block-spacer\"><\/div>\n\n\n\n<div class=\"wp-block-image\"><figure class=\"aligncenter size-large\"><img loading=\"lazy\" width=\"600\" height=\"800\" src=\"https:\/\/hotelcappuccino.de\/wp-content\/uploads\/2021\/01\/zimmer-13.jpg\" alt=\"\" class=\"wp-image-451\" srcset=\"https:\/\/hotelcappuccino.de\/wp-content\/uploads\/2021\/01\/zimmer-13.jpg 600w, https:\/\/hotelcappuccino.de\/wp-content\/uploads\/2021\/01\/zimmer-13-225x300.jpg 225w\" sizes=\"(max-width: 600px) 100vw, 600px\" \/><\/figure><\/div>\n\n\n\n<div style=\"height:50px\" aria-hidden=\"true\" class=\"wp-block-spacer\"><\/div>\n\n\n\n<p>Call us or use our <a href=\"https:\/\/hotelcappuccino.de\/kontakt\">contact form<\/a><a href=\"\/wp-content\/uploads\/2015\/07\/gedeck.jpg\">.<\/a><\/p>\n\n\n\n<p>We look forward to your visit.<\/p>\n\n\n\n<p>Kindly, your<\/p>\n\n\n\n<div class=\"wp-block-image\"><figure class=\"aligncenter\"><a href=\"https:\/\/hotelcappuccino.de\/wp-content\/uploads\/2015\/07\/cappuccino-team.png\"><img loading=\"lazy\" width=\"272\" height=\"93\" src=\"\/wp-content\/uploads\/2015\/07\/cappuccino-team.png\" alt=\"cappuccino-team\" class=\"wp-image-50\"\/><\/a><\/figure><\/div>\n\n\n\n<div class=\"alignnormal\"><div id=\"metaslider-id-514\" style=\"width: 100%;\" class=\"ml-slider-3-20-1 metaslider metaslider-flex metaslider-514 ml-slider\">\n    <div id=\"metaslider_container_514\">\n        <div id=\"metaslider_514\">\n            <ul aria-live=\"polite\" class=\"slides\">\n                <li style=\"display: block; width: 100%;\" class=\"slide-526 ms-image\"><img src=\"https:\/\/hotelcappuccino.de\/wp-content\/uploads\/2021\/02\/zimmer-16.jpg\" height=\"800\" width=\"600\" alt=\"\" class=\"slider-514 slide-526\" title=\"zimmer-16-\" \/><\/li>\n                <li style=\"display: none; width: 100%;\" class=\"slide-527 ms-image\"><img src=\"https:\/\/hotelcappuccino.de\/wp-content\/uploads\/2021\/02\/zimmer-14.jpg\" height=\"800\" width=\"600\" alt=\"\" class=\"slider-514 slide-527\" title=\"zimmer-14\" \/><\/li>\n                <li style=\"display: none; width: 100%;\" class=\"slide-528 ms-image\"><img src=\"https:\/\/hotelcappuccino.de\/wp-content\/uploads\/2021\/02\/zimmer-15-OK.jpg\" height=\"800\" width=\"600\" alt=\"\" class=\"slider-514 slide-528\" title=\"zimmer-15-OK\" \/><\/li>\n                <li style=\"display: none; width: 100%;\" class=\"slide-529 ms-image\"><img src=\"https:\/\/hotelcappuccino.de\/wp-content\/uploads\/2021\/02\/zimmer-10.jpg\" height=\"800\" width=\"600\" alt=\"\" class=\"slider-514 slide-529\" title=\"zimmer-10\" \/><\/li>\n                <li style=\"display: none; width: 100%;\" class=\"slide-530 ms-image\"><img src=\"https:\/\/hotelcappuccino.de\/wp-content\/uploads\/2021\/02\/zimmer-11.jpg\" height=\"800\" width=\"600\" alt=\"\" class=\"slider-514 slide-530\" title=\"zimmer-11\" \/><\/li>\n            <\/ul>\n        <\/div>\n        \n    <\/div>\n<\/div><\/div>\n","protected":false},"excerpt":{"rendered":"<p>&#8230; to the Hotel &amp; Restaurant Cappuccino in Elze near Hildesheim Already in the 19th Century, the building was known as the &#8220;first House on the square &#8220;and even today we attempt to live up to this name. Stay in modernly furnished rooms and enjoy excellent italian food in a homely and familiar atmosphere &#8212; [&hellip;]<\/p>\n","protected":false},"author":1,"featured_media":0,"parent":0,"menu_order":0,"comment_status":"closed","ping_status":"closed","template":"page-templates\/sidebar-left.php","meta":[],"translation":{"provider":"WPGlobus","version":"2.6.0","language":"en","enabled_languages":["de","en"],"languages":{"de":{"title":true,"content":true,"excerpt":false},"en":{"title":true,"content":true,"excerpt":false}}},"_links":{"self":[{"href":"https:\/\/hotelcappuccino.de\/en\/wp-json\/wp\/v2\/pages\/9"}],"collection":[{"href":"https:\/\/hotelcappuccino.de\/en\/wp-json\/wp\/v2\/pages"}],"about":[{"href":"https:\/\/hotelcappuccino.de\/en\/wp-json\/wp\/v2\/types\/page"}],"author":[{"embeddable":true,"href":"https:\/\/hotelcappuccino.de\/en\/wp-json\/wp\/v2\/users\/1"}],"replies":[{"embeddable":true,"href":"https:\/\/hotelcappuccino.de\/en\/wp-json\/wp\/v2\/comments?post=9"}],"version-history":[{"count":104,"href":"https:\/\/hotelcappuccino.de\/en\/wp-json\/wp\/v2\/pages\/9\/revisions"}],"predecessor-version":[{"id":604,"href":"https:\/\/hotelcappuccino.de\/en\/wp-json\/wp\/v2\/pages\/9\/revisions\/604"}],"wp:attachment":[{"href":"https:\/\/hotelcappuccino.de\/en\/wp-json\/wp\/v2\/media?parent=9"}],"curies":[{"name":"wp","href":"https:\/\/api.w.org\/{rel}","templated":true}]}}